{"id":378,"date":"2023-06-10T13:10:10","date_gmt":"2023-06-10T10:10:10","guid":{"rendered":"https:\/\/palmaahsap.com\/?page_id=378"},"modified":"2023-06-10T13:10:10","modified_gmt":"2023-06-10T10:10:10","slug":"imob-2018","status":"publish","type":"page","link":"https:\/\/palmaahsap.com\/en\/imob-2018\/","title":{"rendered":"IMOB 2018"},"content":{"rendered":"<div class=\"wpb-content-wrapper\"><div class=\"vc_row wpb_row vc_row-fluid\"><div class=\"wpb_column vc_column_container vc_col-sm-12\"><div class=\"vc_column-inner\"><div class=\"wpb_wrapper\">\n\t\t<div id=\"wd-63a463e774b44\" class=\"title-wrapper wd-wpb set-mb-s reset-last-child  wd-rs-63a463e774b44 wd-title-color-default wd-title-style-default text-left main-page-title  wd-underline-colored\">\n\t\t\t\n\t\t\t<div class=\"liner-continer\">\n\t\t\t\t<h1 class=\"woodmart-title-container title  wd-font-weight- wd-fontsize-l\" >2018 IMOB Fuar\u0131<\/h1>\n\t\t\t\t\t\t\t<\/div>\n\t\t\t\n\t\t\t\t\t\t\t<div class=\"title-after_title  set-cont-mb-s reset-last-child  wd-fontsize-xs\">Palma Ah\u015fap olarak Uluslararas\u0131 \u0130stanbul Mobilya Fuar\u0131'nda yerimizi ald\u0131k. 2018 y\u0131l\u0131ndan d\u00fczenlenen fuara ait g\u00f6rseller a\u015fa\u011f\u0131da yer almaktad\u0131r.<\/div>\n\t\t\t\n\t\t\t\n\t\t<\/div>\n\t\t\n\t\t<\/div><\/div><\/div><\/div><div class=\"vc_row wpb_row vc_row-fluid fuar-image-list vc_custom_1671792559003 wd-rs-63a587a9bf739\"><div class=\"wpb_column vc_column_container vc_col-sm-12\"><div class=\"vc_column-inner\"><div class=\"wpb_wrapper\">\t\t<div id=\"gallery_658\" class=\"wd-images-gallery wd-rs-64844b9084cd5 wd-justify-left wd-items-middle view-grid photoswipe-images\" >\n\t\t\t<div class=\"gallery-images row wd-spacing-20\">\n\t\t\t\t\t\t\t\t\t\t\t\t\t\t\t<div class=\"wd-gallery-item col-lg-4 col-md-4 col-sm-6 col-6\">\n\t\t\t\t\t\t\t\t\t\t\t\t\t\t<a href=\"https:\/\/palmaahsap.com\/wp-content\/uploads\/2023\/06\/fuar3.jpg\" data-elementor-open-lightbox=\"no\" data-index=\"1\" data-width=\"1024\" data-height=\"768\"  >\n\t\t\t\t\t\t\t\t\n\t\t\t\t\t\t\t\t\t\t\t\t\t\t\t\t\t<img loading=\"lazy\" decoding=\"async\" width=\"1024\" height=\"768\" src=\"https:\/\/palmaahsap.com\/wp-content\/uploads\/2023\/06\/fuar3.jpg\" class=\"wd-gallery-image image-1 attachment-full\" alt=\"\" title=\"fuar3\" srcset=\"https:\/\/palmaahsap.com\/wp-content\/uploads\/2023\/06\/fuar3.jpg 1024w, https:\/\/palmaahsap.com\/wp-content\/uploads\/2023\/06\/fuar3-150x113.jpg 150w, https:\/\/palmaahsap.com\/wp-content\/uploads\/2023\/06\/fuar3-600x450.jpg 600w, https:\/\/palmaahsap.com\/wp-content\/uploads\/2023\/06\/fuar3-300x225.jpg 300w, https:\/\/palmaahsap.com\/wp-content\/uploads\/2023\/06\/fuar3-768x576.jpg 768w\" sizes=\"auto, (max-width: 1024px) 100vw, 1024px\" \/>\t\t\t\t\t\t\t\t\n\n\t\t\t\t\t\t\t\t\t\t\t\t\t\t\t<\/a>\n\t\t\t\t\t\t\t\t\t\t\t\t<\/div>\n\t\t\t\t\t\t\t\t\t\t\t<div class=\"wd-gallery-item col-lg-4 col-md-4 col-sm-6 col-6\">\n\t\t\t\t\t\t\t\t\t\t\t\t\t\t<a href=\"https:\/\/palmaahsap.com\/wp-content\/uploads\/2023\/06\/fuar2.jpg\" data-elementor-open-lightbox=\"no\" data-index=\"2\" data-width=\"1024\" data-height=\"768\"  >\n\t\t\t\t\t\t\t\t\n\t\t\t\t\t\t\t\t\t\t\t\t\t\t\t\t\t<img loading=\"lazy\" decoding=\"async\" width=\"1024\" height=\"768\" src=\"https:\/\/palmaahsap.com\/wp-content\/uploads\/2023\/06\/fuar2.jpg\" class=\"wd-gallery-image image-2 attachment-full\" alt=\"\" title=\"fuar2\" srcset=\"https:\/\/palmaahsap.com\/wp-content\/uploads\/2023\/06\/fuar2.jpg 1024w, https:\/\/palmaahsap.com\/wp-content\/uploads\/2023\/06\/fuar2-150x113.jpg 150w, https:\/\/palmaahsap.com\/wp-content\/uploads\/2023\/06\/fuar2-600x450.jpg 600w, https:\/\/palmaahsap.com\/wp-content\/uploads\/2023\/06\/fuar2-300x225.jpg 300w, https:\/\/palmaahsap.com\/wp-content\/uploads\/2023\/06\/fuar2-768x576.jpg 768w\" sizes=\"auto, (max-width: 1024px) 100vw, 1024px\" \/>\t\t\t\t\t\t\t\t\n\n\t\t\t\t\t\t\t\t\t\t\t\t\t\t\t<\/a>\n\t\t\t\t\t\t\t\t\t\t\t\t<\/div>\n\t\t\t\t\t\t\t\t\t\t\t<div class=\"wd-gallery-item col-lg-4 col-md-4 col-sm-6 col-6\">\n\t\t\t\t\t\t\t\t\t\t\t\t\t\t<a href=\"https:\/\/palmaahsap.com\/wp-content\/uploads\/2023\/06\/fuar1.jpg\" data-elementor-open-lightbox=\"no\" data-index=\"3\" data-width=\"1024\" data-height=\"768\"  >\n\t\t\t\t\t\t\t\t\n\t\t\t\t\t\t\t\t\t\t\t\t\t\t\t\t\t<img loading=\"lazy\" decoding=\"async\" width=\"1024\" height=\"768\" src=\"https:\/\/palmaahsap.com\/wp-content\/uploads\/2023\/06\/fuar1.jpg\" class=\"wd-gallery-image image-3 attachment-full\" alt=\"\" title=\"fuar1\" srcset=\"https:\/\/palmaahsap.com\/wp-content\/uploads\/2023\/06\/fuar1.jpg 1024w, https:\/\/palmaahsap.com\/wp-content\/uploads\/2023\/06\/fuar1-150x113.jpg 150w, https:\/\/palmaahsap.com\/wp-content\/uploads\/2023\/06\/fuar1-600x450.jpg 600w, https:\/\/palmaahsap.com\/wp-content\/uploads\/2023\/06\/fuar1-300x225.jpg 300w, https:\/\/palmaahsap.com\/wp-content\/uploads\/2023\/06\/fuar1-768x576.jpg 768w\" sizes=\"auto, (max-width: 1024px) 100vw, 1024px\" \/>\t\t\t\t\t\t\t\t\n\n\t\t\t\t\t\t\t\t\t\t\t\t\t\t\t<\/a>\n\t\t\t\t\t\t\t\t\t\t\t\t<\/div>\n\t\t\t\t\t\t\t\t\t\t\t\t<\/div>\n\t\t<\/div>\n\t\t\t\t<\/div><\/div><\/div><\/div>\n<\/div>","protected":false},"excerpt":{"rendered":"2018 IMOB Fuar\u0131 Palma Ah\u015fap olarak Uluslararas\u0131 \u0130stanbul Mobilya Fuar\u0131'nda yerimizi ald\u0131k. 2018 y\u0131l\u0131ndan d\u00fczenlenen fuara ait g\u00f6rseller a\u015fa\u011f\u0131da yer","protected":false},"author":1,"featured_media":0,"parent":0,"menu_order":0,"comment_status":"closed","ping_status":"closed","template":"","meta":{"footnotes":""},"class_list":["post-378","page","type-page","status-publish","hentry"],"yoast_head":"<!-- This site is optimized with the Yoast SEO plugin v23.1 - https:\/\/yoast.com\/wordpress\/plugins\/seo\/ -->\n<title>IMOB 2018 - Palma Ah\u015fap<\/title>\n<meta name=\"robots\" content=\"index, follow, max-snippet:-1, max-image-preview:large, max-video-preview:-1\" \/>\n<link rel=\"canonical\" href=\"https:\/\/palmaahsap.com\/en\/imob-2018\/\" \/>\n<meta property=\"og:locale\" content=\"en_US\" \/>\n<meta property=\"og:type\" content=\"article\" \/>\n<meta property=\"og:title\" content=\"IMOB 2018 - Palma Ah\u015fap\" \/>\n<meta property=\"og:url\" content=\"https:\/\/palmaahsap.com\/en\/imob-2018\/\" \/>\n<meta property=\"og:site_name\" content=\"Palma Ah\u015fap\" \/>\n<meta name=\"twitter:card\" content=\"summary_large_image\" \/>\n<meta name=\"twitter:label1\" content=\"Est. reading time\" \/>\n\t<meta name=\"twitter:data1\" content=\"1 minute\" \/>\n<script type=\"application\/ld+json\" class=\"yoast-schema-graph\">{\"@context\":\"https:\/\/schema.org\",\"@graph\":[{\"@type\":\"WebPage\",\"@id\":\"https:\/\/palmaahsap.com\/imob-2018\/\",\"url\":\"https:\/\/palmaahsap.com\/imob-2018\/\",\"name\":\"IMOB 2018 - Palma Ah\u015fap\",\"isPartOf\":{\"@id\":\"https:\/\/palmaahsap.com\/#website\"},\"datePublished\":\"2023-06-10T10:10:10+00:00\",\"dateModified\":\"2023-06-10T10:10:10+00:00\",\"breadcrumb\":{\"@id\":\"https:\/\/palmaahsap.com\/imob-2018\/#breadcrumb\"},\"inLanguage\":\"en-US\",\"potentialAction\":[{\"@type\":\"ReadAction\",\"target\":[\"https:\/\/palmaahsap.com\/imob-2018\/\"]}]},{\"@type\":\"BreadcrumbList\",\"@id\":\"https:\/\/palmaahsap.com\/imob-2018\/#breadcrumb\",\"itemListElement\":[{\"@type\":\"ListItem\",\"position\":1,\"name\":\"Home\",\"item\":\"https:\/\/palmaahsap.com\/\"},{\"@type\":\"ListItem\",\"position\":2,\"name\":\"IMOB 2018\"}]},{\"@type\":\"WebSite\",\"@id\":\"https:\/\/palmaahsap.com\/#website\",\"url\":\"https:\/\/palmaahsap.com\/\",\"name\":\"Palma Ah\u015fap\",\"description\":\"\",\"potentialAction\":[{\"@type\":\"SearchAction\",\"target\":{\"@type\":\"EntryPoint\",\"urlTemplate\":\"https:\/\/palmaahsap.com\/?s={search_term_string}\"},\"query-input\":\"required name=search_term_string\"}],\"inLanguage\":\"en-US\"}]}<\/script>\n<!-- \/ Yoast SEO plugin. -->","yoast_head_json":{"title":"IMOB 2018 - Palma Ah\u015fap","robots":{"index":"index","follow":"follow","max-snippet":"max-snippet:-1","max-image-preview":"max-image-preview:large","max-video-preview":"max-video-preview:-1"},"canonical":"https:\/\/palmaahsap.com\/en\/imob-2018\/","og_locale":"en_US","og_type":"article","og_title":"IMOB 2018 - Palma Ah\u015fap","og_url":"https:\/\/palmaahsap.com\/en\/imob-2018\/","og_site_name":"Palma Ah\u015fap","twitter_card":"summary_large_image","twitter_misc":{"Est. reading time":"1 minute"},"schema":{"@context":"https:\/\/schema.org","@graph":[{"@type":"WebPage","@id":"https:\/\/palmaahsap.com\/imob-2018\/","url":"https:\/\/palmaahsap.com\/imob-2018\/","name":"IMOB 2018 - Palma Ah\u015fap","isPartOf":{"@id":"https:\/\/palmaahsap.com\/#website"},"datePublished":"2023-06-10T10:10:10+00:00","dateModified":"2023-06-10T10:10:10+00:00","breadcrumb":{"@id":"https:\/\/palmaahsap.com\/imob-2018\/#breadcrumb"},"inLanguage":"en-US","potentialAction":[{"@type":"ReadAction","target":["https:\/\/palmaahsap.com\/imob-2018\/"]}]},{"@type":"BreadcrumbList","@id":"https:\/\/palmaahsap.com\/imob-2018\/#breadcrumb","itemListElement":[{"@type":"ListItem","position":1,"name":"Home","item":"https:\/\/palmaahsap.com\/"},{"@type":"ListItem","position":2,"name":"IMOB 2018"}]},{"@type":"WebSite","@id":"https:\/\/palmaahsap.com\/#website","url":"https:\/\/palmaahsap.com\/","name":"Palma Ah\u015fap","description":"","potentialAction":[{"@type":"SearchAction","target":{"@type":"EntryPoint","urlTemplate":"https:\/\/palmaahsap.com\/?s={search_term_string}"},"query-input":"required name=search_term_string"}],"inLanguage":"en-US"}]}},"_links":{"self":[{"href":"https:\/\/palmaahsap.com\/en\/wp-json\/wp\/v2\/pages\/378","targetHints":{"allow":["GET"]}}],"collection":[{"href":"https:\/\/palmaahsap.com\/en\/wp-json\/wp\/v2\/pages"}],"about":[{"href":"https:\/\/palmaahsap.com\/en\/wp-json\/wp\/v2\/types\/page"}],"author":[{"embeddable":true,"href":"https:\/\/palmaahsap.com\/en\/wp-json\/wp\/v2\/users\/1"}],"replies":[{"embeddable":true,"href":"https:\/\/palmaahsap.com\/en\/wp-json\/wp\/v2\/comments?post=378"}],"version-history":[{"count":1,"href":"https:\/\/palmaahsap.com\/en\/wp-json\/wp\/v2\/pages\/378\/revisions"}],"predecessor-version":[{"id":382,"href":"https:\/\/palmaahsap.com\/en\/wp-json\/wp\/v2\/pages\/378\/revisions\/382"}],"wp:attachment":[{"href":"https:\/\/palmaahsap.com\/en\/wp-json\/wp\/v2\/media?parent=378"}],"curies":[{"name":"wp","href":"https:\/\/api.w.org\/{rel}","templated":true}]}}