{"id":363,"date":"2023-06-10T12:57:01","date_gmt":"2023-06-10T09:57:01","guid":{"rendered":"https:\/\/palmaahsap.com\/?page_id=363"},"modified":"2023-06-10T13:07:12","modified_gmt":"2023-06-10T10:07:12","slug":"fuarlar","status":"publish","type":"page","link":"https:\/\/palmaahsap.com\/en\/fuarlar\/","title":{"rendered":"Fairs"},"content":{"rendered":"<div class=\"wpb-content-wrapper\"><div class=\"vc_row wpb_row vc_row-fluid\"><div class=\"wpb_column vc_column_container vc_col-sm-12\"><div class=\"vc_column-inner\"><div class=\"wpb_wrapper\">\n\t\t<div id=\"wd-63a43f2dddd4f\" class=\"title-wrapper wd-wpb set-mb-s reset-last-child  wd-rs-63a43f2dddd4f wd-title-color-default wd-title-style-default text-left main-page-title  wd-underline-colored\">\n\t\t\t\n\t\t\t<div class=\"liner-continer\">\n\t\t\t\t<h1 class=\"woodmart-title-container title  wd-font-weight- wd-fontsize-l\" >Fairs<\/h1>\n\t\t\t\t\t\t\t<\/div>\n\t\t\t\n\t\t\t\n\t\t\t\n\t\t<\/div>\n\t\t\n\t\t\t\t<div id=\"wd-63b41664dc515\" class=\"wd-text-block wd-wpb reset-last-child wd-rs-63b41664dc515 text-left  text-description\">\n\t\t\t<p>The fairs we attended as Palma Ah\u015fap are listed below. You can reach the details of the fairs by clicking on the image.<\/p>\n\t\t<\/div>\n\t\t<\/div><\/div><\/div><\/div><div class=\"vc_row wpb_row vc_row-fluid fuar-image-list vc_custom_1671792505210 wd-rs-63a58777ca748\"><div class=\"wpb_column vc_column_container vc_col-sm-4\"><div class=\"vc_column-inner\"><div class=\"wpb_wrapper\">\n\t<div  class=\"wpb_single_image wpb_content_element vc_align_center\">\n\t\t\n\t\t<figure class=\"wpb_wrapper vc_figure\">\n\t\t\t<a href=\"https:\/\/palmaahsap.com\/en\/imob-2018\/\" target=\"_self\" class=\"vc_single_image-wrapper   vc_box_border_grey\"><img loading=\"lazy\" decoding=\"async\" width=\"1130\" height=\"580\" src=\"https:\/\/palmaahsap.com\/wp-content\/uploads\/2023\/06\/fuar-imob2018.jpg\" class=\"vc_single_image-img attachment-full\" alt=\"\" title=\"fuar-imob2018\" srcset=\"https:\/\/palmaahsap.com\/wp-content\/uploads\/2023\/06\/fuar-imob2018.jpg 1130w, https:\/\/palmaahsap.com\/wp-content\/uploads\/2023\/06\/fuar-imob2018-150x77.jpg 150w, https:\/\/palmaahsap.com\/wp-content\/uploads\/2023\/06\/fuar-imob2018-600x308.jpg 600w, https:\/\/palmaahsap.com\/wp-content\/uploads\/2023\/06\/fuar-imob2018-300x154.jpg 300w, https:\/\/palmaahsap.com\/wp-content\/uploads\/2023\/06\/fuar-imob2018-1024x526.jpg 1024w, https:\/\/palmaahsap.com\/wp-content\/uploads\/2023\/06\/fuar-imob2018-768x394.jpg 768w\" sizes=\"auto, (max-width: 1130px) 100vw, 1130px\" \/><\/a>\n\t\t<\/figure>\n\t<\/div>\n<\/div><\/div><\/div><div class=\"wpb_column vc_column_container vc_col-sm-4\"><div class=\"vc_column-inner\"><div class=\"wpb_wrapper\"><\/div><\/div><\/div><div class=\"wpb_column vc_column_container vc_col-sm-4\"><div class=\"vc_column-inner\"><div class=\"wpb_wrapper\"><\/div><\/div><\/div><\/div>\n<\/div>","protected":false},"excerpt":{"rendered":"Fuarlar Palma Ah\u015fap olarak kat\u0131ld\u0131\u011f\u0131m\u0131z fuarlar a\u015fa\u011f\u0131da yer almaktad\u0131r. Fuarlara ait detaylara g\u00f6rsele t\u0131klayarak ula\u015fabilirsiniz.","protected":false},"author":1,"featured_media":0,"parent":0,"menu_order":0,"comment_status":"closed","ping_status":"closed","template":"","meta":{"footnotes":""},"class_list":["post-363","page","type-page","status-publish","hentry"],"yoast_head":"<!-- This site is optimized with the Yoast SEO plugin v23.1 - https:\/\/yoast.com\/wordpress\/plugins\/seo\/ -->\n<title>Fuarlar - Palma Ah\u015fap<\/title>\n<meta name=\"robots\" content=\"index, follow, max-snippet:-1, max-image-preview:large, max-video-preview:-1\" \/>\n<link rel=\"canonical\" href=\"https:\/\/palmaahsap.com\/en\/fuarlar\/\" \/>\n<meta property=\"og:locale\" content=\"en_US\" \/>\n<meta property=\"og:type\" content=\"article\" \/>\n<meta property=\"og:title\" content=\"Fuarlar - Palma Ah\u015fap\" \/>\n<meta property=\"og:url\" content=\"https:\/\/palmaahsap.com\/en\/fuarlar\/\" \/>\n<meta property=\"og:site_name\" content=\"Palma Ah\u015fap\" \/>\n<meta property=\"article:modified_time\" content=\"2023-06-10T10:07:12+00:00\" \/>\n<meta name=\"twitter:card\" content=\"summary_large_image\" \/>\n<meta name=\"twitter:label1\" content=\"Est. reading time\" \/>\n\t<meta name=\"twitter:data1\" content=\"1 minute\" \/>\n<script type=\"application\/ld+json\" class=\"yoast-schema-graph\">{\"@context\":\"https:\/\/schema.org\",\"@graph\":[{\"@type\":\"WebPage\",\"@id\":\"https:\/\/palmaahsap.com\/fuarlar\/\",\"url\":\"https:\/\/palmaahsap.com\/fuarlar\/\",\"name\":\"Fuarlar - Palma Ah\u015fap\",\"isPartOf\":{\"@id\":\"https:\/\/palmaahsap.com\/#website\"},\"datePublished\":\"2023-06-10T09:57:01+00:00\",\"dateModified\":\"2023-06-10T10:07:12+00:00\",\"breadcrumb\":{\"@id\":\"https:\/\/palmaahsap.com\/fuarlar\/#breadcrumb\"},\"inLanguage\":\"en-US\",\"potentialAction\":[{\"@type\":\"ReadAction\",\"target\":[\"https:\/\/palmaahsap.com\/fuarlar\/\"]}]},{\"@type\":\"BreadcrumbList\",\"@id\":\"https:\/\/palmaahsap.com\/fuarlar\/#breadcrumb\",\"itemListElement\":[{\"@type\":\"ListItem\",\"position\":1,\"name\":\"Home\",\"item\":\"https:\/\/palmaahsap.com\/\"},{\"@type\":\"ListItem\",\"position\":2,\"name\":\"Fuarlar\"}]},{\"@type\":\"WebSite\",\"@id\":\"https:\/\/palmaahsap.com\/#website\",\"url\":\"https:\/\/palmaahsap.com\/\",\"name\":\"Palma Ah\u015fap\",\"description\":\"\",\"potentialAction\":[{\"@type\":\"SearchAction\",\"target\":{\"@type\":\"EntryPoint\",\"urlTemplate\":\"https:\/\/palmaahsap.com\/?s={search_term_string}\"},\"query-input\":\"required name=search_term_string\"}],\"inLanguage\":\"en-US\"}]}<\/script>\n<!-- \/ Yoast SEO plugin. -->","yoast_head_json":{"title":"Fuarlar - Palma Ah\u015fap","robots":{"index":"index","follow":"follow","max-snippet":"max-snippet:-1","max-image-preview":"max-image-preview:large","max-video-preview":"max-video-preview:-1"},"canonical":"https:\/\/palmaahsap.com\/en\/fuarlar\/","og_locale":"en_US","og_type":"article","og_title":"Fuarlar - Palma Ah\u015fap","og_url":"https:\/\/palmaahsap.com\/en\/fuarlar\/","og_site_name":"Palma Ah\u015fap","article_modified_time":"2023-06-10T10:07:12+00:00","twitter_card":"summary_large_image","twitter_misc":{"Est. reading time":"1 minute"},"schema":{"@context":"https:\/\/schema.org","@graph":[{"@type":"WebPage","@id":"https:\/\/palmaahsap.com\/fuarlar\/","url":"https:\/\/palmaahsap.com\/fuarlar\/","name":"Fuarlar - Palma Ah\u015fap","isPartOf":{"@id":"https:\/\/palmaahsap.com\/#website"},"datePublished":"2023-06-10T09:57:01+00:00","dateModified":"2023-06-10T10:07:12+00:00","breadcrumb":{"@id":"https:\/\/palmaahsap.com\/fuarlar\/#breadcrumb"},"inLanguage":"en-US","potentialAction":[{"@type":"ReadAction","target":["https:\/\/palmaahsap.com\/fuarlar\/"]}]},{"@type":"BreadcrumbList","@id":"https:\/\/palmaahsap.com\/fuarlar\/#breadcrumb","itemListElement":[{"@type":"ListItem","position":1,"name":"Home","item":"https:\/\/palmaahsap.com\/"},{"@type":"ListItem","position":2,"name":"Fuarlar"}]},{"@type":"WebSite","@id":"https:\/\/palmaahsap.com\/#website","url":"https:\/\/palmaahsap.com\/","name":"Palma Ah\u015fap","description":"","potentialAction":[{"@type":"SearchAction","target":{"@type":"EntryPoint","urlTemplate":"https:\/\/palmaahsap.com\/?s={search_term_string}"},"query-input":"required name=search_term_string"}],"inLanguage":"en-US"}]}},"_links":{"self":[{"href":"https:\/\/palmaahsap.com\/en\/wp-json\/wp\/v2\/pages\/363","targetHints":{"allow":["GET"]}}],"collection":[{"href":"https:\/\/palmaahsap.com\/en\/wp-json\/wp\/v2\/pages"}],"about":[{"href":"https:\/\/palmaahsap.com\/en\/wp-json\/wp\/v2\/types\/page"}],"author":[{"embeddable":true,"href":"https:\/\/palmaahsap.com\/en\/wp-json\/wp\/v2\/users\/1"}],"replies":[{"embeddable":true,"href":"https:\/\/palmaahsap.com\/en\/wp-json\/wp\/v2\/comments?post=363"}],"version-history":[{"count":2,"href":"https:\/\/palmaahsap.com\/en\/wp-json\/wp\/v2\/pages\/363\/revisions"}],"predecessor-version":[{"id":377,"href":"https:\/\/palmaahsap.com\/en\/wp-json\/wp\/v2\/pages\/363\/revisions\/377"}],"wp:attachment":[{"href":"https:\/\/palmaahsap.com\/en\/wp-json\/wp\/v2\/media?parent=363"}],"curies":[{"name":"wp","href":"https:\/\/api.w.org\/{rel}","templated":true}]}}