{"id":2,"date":"2023-06-06T10:09:10","date_gmt":"2023-06-06T07:09:10","guid":{"rendered":"https:\/\/palmaahsap.com\/?page_id=2"},"modified":"2024-08-14T11:53:16","modified_gmt":"2024-08-14T08:53:16","slug":"anasayfa","status":"publish","type":"page","link":"https:\/\/palmaahsap.com\/en\/","title":{"rendered":"Homepage"},"content":{"rendered":"<div class=\"wpb-content-wrapper\"><div class=\"vc_row wpb_row vc_row-fluid wd-disable-overflow wd-rs-639c123f23901\"><div class=\"wpb_column vc_column_container vc_col-sm-12 wd-rs-60f82d56d6526\"><div class=\"vc_column-inner vc_custom_1626877274491\"><div class=\"wpb_wrapper\">\t\t<div id=\"gallery_859\" class=\"wd-images-gallery wd-rs-66bc6e04acece wd-justify-center wd-items-middle homeslider-big view-carousel wd-carousel-spacing-0 wd-carousel-container\" data-owl-carousel data-wrap=\"yes\" data-autoplay=\"yes\" data-hide_pagination_control=\"yes\" data-hide_prev_next_buttons=\"no\" data-desktop=\"1\" data-tablet=\"1\" data-tablet_landscape=\"1\" data-mobile=\"1\">\n\t\t\t<div class=\"gallery-images owl-carousel wd-owl owl-items-lg-1 owl-items-md-1 owl-items-sm-1 owl-items-xs-1\">\n\t\t\t\t\t\t\t\t\t\t\t\t\t\t\t<div class=\"wd-gallery-item\">\n\t\t\t\t\t\t\t\t\t\t\t\t\t\t<a href=\"https:\/\/palmaahsap.com\/en\/aktif-yemek-odasi\/\" data-elementor-open-lightbox=\"no\" data-index=\"1\" data-width=\"2560\" data-height=\"980\"  >\n\t\t\t\t\t\t\t\t\n\t\t\t\t\t\t\t\t\t\t\t\t\t\t\t\t\t<img decoding=\"async\" class=\"wd-gallery-image image-1\" src=\"https:\/\/palmaahsap.com\/wp-content\/uploads\/2024\/08\/kordon_yemek_1.2-scaled-1200x450.jpg\" width=\"1200\" height=\"450\" alt=\"kordon_yemek_1.2\" title=\"kordon_yemek_1.2\" loading=\"lazy\" \/>\t\t\t\t\t\t\t\t\n\n\t\t\t\t\t\t\t\t\t\t\t\t\t\t\t<\/a>\n\t\t\t\t\t\t\t\t\t\t\t\t<\/div>\n\t\t\t\t\t\t\t\t\t\t\t<div class=\"wd-gallery-item\">\n\t\t\t\t\t\t\t\t\t\t\t\t\t\t<a href=\"https:\/\/palmaahsap.com\/en\/elit-yemek-odasi\/\" data-elementor-open-lightbox=\"no\" data-index=\"2\" data-width=\"1200\" data-height=\"450\"  >\n\t\t\t\t\t\t\t\t\n\t\t\t\t\t\t\t\t\t\t\t\t\t\t\t\t\t<img decoding=\"async\" class=\"wd-gallery-image image-2\" src=\"https:\/\/palmaahsap.com\/wp-content\/uploads\/2023\/06\/aktif-en.jpg\" width=\"1200\" height=\"450\" alt=\"aktif-en\" title=\"aktif-en\" loading=\"lazy\" \/>\t\t\t\t\t\t\t\t\n\n\t\t\t\t\t\t\t\t\t\t\t\t\t\t\t<\/a>\n\t\t\t\t\t\t\t\t\t\t\t\t<\/div>\n\t\t\t\t\t\t\t\t\t\t\t<div class=\"wd-gallery-item\">\n\t\t\t\t\t\t\t\t\t\t\t\t\t\t<a href=\"https:\/\/palmaahsap.com\/en\/natura-yemek-odasi\/\" data-elementor-open-lightbox=\"no\" data-index=\"3\" data-width=\"1200\" data-height=\"450\"  >\n\t\t\t\t\t\t\t\t\n\t\t\t\t\t\t\t\t\t\t\t\t\t\t\t\t\t<img decoding=\"async\" class=\"wd-gallery-image image-3\" src=\"https:\/\/palmaahsap.com\/wp-content\/uploads\/2023\/06\/elit-en.jpg\" width=\"1200\" height=\"450\" alt=\"elit-en\" title=\"elit-en\" loading=\"lazy\" \/>\t\t\t\t\t\t\t\t\n\n\t\t\t\t\t\t\t\t\t\t\t\t\t\t\t<\/a>\n\t\t\t\t\t\t\t\t\t\t\t\t<\/div>\n\t\t\t\t\t\t\t\t\t\t\t<div class=\"wd-gallery-item\">\n\t\t\t\t\t\t\t\t\t\t\t\t\t\t<a href=\"https:\/\/palmaahsap.com\/en\/nil-yemek-odasi\/\" data-elementor-open-lightbox=\"no\" data-index=\"4\" data-width=\"1200\" data-height=\"450\"  >\n\t\t\t\t\t\t\t\t\n\t\t\t\t\t\t\t\t\t\t\t\t\t\t\t\t\t<img decoding=\"async\" class=\"wd-gallery-image image-4\" src=\"https:\/\/palmaahsap.com\/wp-content\/uploads\/2023\/06\/natura-en.jpg\" width=\"1200\" height=\"450\" alt=\"natura-en\" title=\"natura-en\" loading=\"lazy\" \/>\t\t\t\t\t\t\t\t\n\n\t\t\t\t\t\t\t\t\t\t\t\t\t\t\t<\/a>\n\t\t\t\t\t\t\t\t\t\t\t\t<\/div>\n\t\t\t\t\t\t\t\t\t\t\t<div class=\"wd-gallery-item\">\n\t\t\t\t\t\t\t\t\t\t\t\t\t\t<a href=\"https:\/\/palmaahsap.com\/en\/sahra-yemek-odasi\/\" data-elementor-open-lightbox=\"no\" data-index=\"5\" data-width=\"1200\" data-height=\"450\"  >\n\t\t\t\t\t\t\t\t\n\t\t\t\t\t\t\t\t\t\t\t\t\t\t\t\t\t<img decoding=\"async\" class=\"wd-gallery-image image-5\" src=\"https:\/\/palmaahsap.com\/wp-content\/uploads\/2023\/06\/nil-en.jpg\" width=\"1200\" height=\"450\" alt=\"nil-en\" title=\"nil-en\" loading=\"lazy\" \/>\t\t\t\t\t\t\t\t\n\n\t\t\t\t\t\t\t\t\t\t\t\t\t\t\t<\/a>\n\t\t\t\t\t\t\t\t\t\t\t\t<\/div>\n\t\t\t\t\t\t\t\t\t\t\t<div class=\"wd-gallery-item\">\n\t\t\t\t\t\t\t\t\t\t\t\t\t\t<a href=\"\" data-elementor-open-lightbox=\"no\" data-index=\"6\" data-width=\"1200\" data-height=\"450\"  >\n\t\t\t\t\t\t\t\t\n\t\t\t\t\t\t\t\t\t\t\t\t\t\t\t\t\t<img decoding=\"async\" class=\"wd-gallery-image image-6\" src=\"https:\/\/palmaahsap.com\/wp-content\/uploads\/2023\/06\/sahra-en.jpg\" width=\"1200\" height=\"450\" alt=\"sahra-en\" title=\"sahra-en\" loading=\"lazy\" \/>\t\t\t\t\t\t\t\t\n\n\t\t\t\t\t\t\t\t\t\t\t\t\t\t\t<\/a>\n\t\t\t\t\t\t\t\t\t\t\t\t<\/div>\n\t\t\t\t\t\t\t\t\t\t\t\t<\/div>\n\t\t<\/div>\n\t\t\t\t<\/div><\/div><\/div><\/div><div id=\"row-products\" data-vc-full-width=\"true\" data-vc-full-width-init=\"false\" class=\"vc_row wpb_row vc_row-fluid vc_custom_1686390462208 vc_row-has-fill wd-bg-left-top wd-rs-648446ca7a6f1\"><div class=\"wpb_column vc_column_container vc_col-sm-12 vc_col-has-fill wd-rs-639c626e593a2\"><div class=\"vc_column-inner vc_custom_1671193204654\"><div class=\"wpb_wrapper\">\t\t\t<div id=\"carousel-523\" class=\"wd-carousel-container info-box-carousel-wrapper  wd-carousel-spacing-30\" data-owl-carousel data-autoplay=\"yes\" data-hide_pagination_control=\"no\" data-hide_prev_next_buttons=\"yes\" data-dragendspeed=\"600\" data-desktop=\"1\" data-tablet=\"1\" data-tablet_landscape=\"1\" data-mobile=\"1\">\n\t\t\t\t<div class=\"owl-carousel wd-owl info-box-carousel  wd-rs-639c689833d81 home-product-carousel owl-items-lg-1 owl-items-md-1 owl-items-sm-1 owl-items-xs-1\" >\n\t\t\t\t\t\t\t\t<div class=\"info-box-wrapper\">\n\t\t\t\t<div id=\"wd-66aba79a13a0e\" class=\"wd-rs-66aba79a13a0e wd-info-box wd-wpb text-left box-icon-align-right box-style- color-scheme- wd-bg-none wd-items-top home-product-box with-btn box-btn-static\"  >\n\t\t\t\t\t\t\t\t\t\t\t<div class=\"box-icon-wrapper  box-with-icon box-icon-simple\">\n\t\t\t\t\t\t\t<div class=\"info-box-icon\">\n\n\t\t\t\t\t\t\t\n\t\t\t\t\t\t\t\t\t\t\t\t\t\t\t\t\t<img decoding=\"async\" class=\"info-icon image-1\" src=\"https:\/\/palmaahsap.com\/wp-content\/uploads\/2024\/08\/kordon6786-scaled-1066x400.jpg\" width=\"1066\" height=\"400\" alt=\"kordon6786\" title=\"kordon6786\" loading=\"lazy\" \/>\t\t\t\t\t\t\t\t\t\t\t\t\t\t\t\n\t\t\t\t\t\t\t<\/div>\n\t\t\t\t\t\t<\/div>\n\t\t\t\t\t\t\t\t\t\t<div class=\"info-box-content\">\n\t\t\t\t\t\t<h3 class=\"info-box-title title box-title-style-default font-primary wd-fontsize-m\">Kordon Yemek Odas\u0131<\/h3>\t\t\t\t\t\t<div class=\"info-box-inner set-cont-mb-s reset-last-child\">\n\t\t\t\t\t\t\t<p>Every home deserves useful furniture,<br \/>\nwith its modern style and quality materials, it has an appearance that adds peace to the spaces.<\/p>\n\t\t\t\t\t\t<\/div>\n\n\t\t\t\t\t\t<div class=\"info-btn-wrapper\"><div id=\"wd-69e76feceedf8\" class=\"wd-button-wrapper text-left\"><a href=\"https:\/\/palmaahsap.com\/en\/yemek-odalari\/\" title=\"\" class=\"btn btn-color-default btn-style-default btn-style-semi-round btn-size-default\">See More<\/a><\/div><\/div>\t\t\t\t\t<\/div>\n\n\t\t\t\t\t<style><\/style>\t\t\t\t<\/div>\n\t\t\t<\/div>\n\t\t\t\t\t<div class=\"info-box-wrapper\">\n\t\t\t\t<div id=\"wd-66bc6d7f76254\" class=\"wd-rs-66bc6d7f76254 wd-info-box wd-wpb text-left box-icon-align-right box-style- color-scheme- wd-bg-none wd-items-top home-product-box with-btn box-btn-static\"  >\n\t\t\t\t\t\t\t\t\t\t\t<div class=\"box-icon-wrapper  box-with-icon box-icon-simple\">\n\t\t\t\t\t\t\t<div class=\"info-box-icon\">\n\n\t\t\t\t\t\t\t\n\t\t\t\t\t\t\t\t\t\t\t\t\t\t\t\t\t<img decoding=\"async\" class=\"info-icon image-1\" src=\"https:\/\/palmaahsap.com\/wp-content\/uploads\/2024\/08\/active3494-1-1066x400.jpg\" width=\"1066\" height=\"400\" alt=\"active3494\" title=\"active3494\" loading=\"lazy\" \/>\t\t\t\t\t\t\t\t\t\t\t\t\t\t\t\n\t\t\t\t\t\t\t<\/div>\n\t\t\t\t\t\t<\/div>\n\t\t\t\t\t\t\t\t\t\t<div class=\"info-box-content\">\n\t\t\t\t\t\t<h3 class=\"info-box-title title box-title-style-default font-primary wd-fontsize-m\">Aktif Plus Yemek Odas\u0131<\/h3>\t\t\t\t\t\t<div class=\"info-box-inner set-cont-mb-s reset-last-child\">\n\t\t\t\t\t\t\t<p>Every home deserves useful furniture,<br \/>\nwith its modern style and quality materials, it has an appearance that adds peace to the spaces.<\/p>\n\t\t\t\t\t\t<\/div>\n\n\t\t\t\t\t\t<div class=\"info-btn-wrapper\"><div id=\"wd-69e76fecef79f\" class=\"wd-button-wrapper text-left\"><a href=\"https:\/\/palmaahsap.com\/en\/yemek-odalari\/\" title=\"\" class=\"btn btn-color-default btn-style-default btn-style-semi-round btn-size-default\">See More<\/a><\/div><\/div>\t\t\t\t\t<\/div>\n\n\t\t\t\t\t<style><\/style>\t\t\t\t<\/div>\n\t\t\t<\/div>\n\t\t\t\t\t\t<\/div>\n\t\t\t<\/div>\n\t\t<\/div><\/div><\/div><\/div><div class=\"vc_row-full-width vc_clearfix\"><\/div><div class=\"vc_row wpb_row vc_row-fluid vc_custom_1686390382606 vc_row-has-fill vc_row-o-content-middle vc_row-flex wd-bg-center-center wd-rs-648446799032a\"><div class=\"wpb_column index-aboutus-box vc_column_container vc_col-sm-12 wd-rs-639c342f1ad5d\"><div class=\"vc_column-inner vc_custom_1671181365949\"><div class=\"wpb_wrapper\">\n\t\t<div id=\"wd-639c33bf1f0a0\" class=\"title-wrapper wd-wpb set-mb-s reset-last-child  wd-rs-639c33bf1f0a0 wd-title-color-default wd-title-style-default text-center vc_custom_1671181252072 wd-width-enabled wd-underline-colored\" style=\"--wd-max-width: 50%;\">\n\t\t\t\n\t\t\t<div class=\"liner-continer\">\n\t\t\t\t<h4 class=\"woodmart-title-container title  wd-font-weight- wd-fontsize-l\" >Who Are We?<\/h4>\n\t\t\t\t\t\t\t<\/div>\n\t\t\t\n\t\t\t\t\t\t\t<div class=\"title-after_title  set-cont-mb-s reset-last-child  wd-fontsize-xs\">Palma, welcomes the endless architectural power of quality materials with its special designs. A completely instinctive world. We combine them to create a home filled with lights and shadows, where nature and technology live.<\/div>\n\t\t\t\n\t\t\t\n\t\t<\/div>\n\t\t\n\t\t<div id=\"wd-63a596475db97\" class=\"wd-rs-63a596475db97 vc_custom_1671796306738 wd-button-wrapper text-center\"><a href=\"https:\/\/palmaahsap.com\/en\/kurumsal\/\" title=\"Corporate\" class=\"btn btn-scheme-dark btn-scheme-hover-light btn-style-default btn-style-semi-round btn-size-small\">Read More<\/a><\/div><\/div><\/div><\/div><\/div><div class=\"vc_row wpb_row vc_row-fluid wd-rs-63a01e09825a9\"><div class=\"wpb_column vc_column_container vc_col-sm-12\"><div class=\"vc_column-inner\"><div class=\"wpb_wrapper\">\n\t\t<div id=\"wd-63a067f65b4e6\" class=\"title-wrapper wd-wpb set-mb-s reset-last-child  wd-rs-63a067f65b4e6 wd-title-color-default wd-title-style-default text-left general-title-text  wd-underline-colored\">\n\t\t\t\n\t\t\t<div class=\"liner-continer\">\n\t\t\t\t<h2 class=\"woodmart-title-container title  wd-font-weight- wd-fontsize-l\" >Why Palma Ah\u015fap?<\/h2>\n\t\t\t\t\t\t\t<\/div>\n\t\t\t\n\t\t\t\n\t\t\t\n\t\t<\/div>\n\t\t\n\t\t<div class=\"vc_row wpb_row vc_inner vc_row-fluid\"><div class=\"wpb_column vc_column_container vc_col-sm-4\"><div class=\"vc_column-inner\"><div class=\"wpb_wrapper\">\t\t\t<div class=\"info-box-wrapper\">\n\t\t\t\t<div id=\"wd-648446ef6cb16\" class=\"wd-rs-648446ef6cb16 wd-info-box wd-wpb text-left box-icon-align-left box-style- color-scheme- wd-bg-none wd-items-top home-why-box\"  >\n\t\t\t\t\t\t\t\t\t\t\t<div class=\"box-icon-wrapper  box-with-icon box-icon-simple\">\n\t\t\t\t\t\t\t<div class=\"info-box-icon\">\n\n\t\t\t\t\t\t\t\n\t\t\t\t\t\t\t\t\t\t\t\t\t\t\t\t\t<img decoding=\"async\" class=\"info-icon image-1\" src=\"https:\/\/palmaahsap.com\/wp-content\/uploads\/2023\/06\/yenilikcilik-124x110-1.png\" width=\"124\" height=\"110\" alt=\"yenilikcilik-124x110\" title=\"yenilikcilik-124x110\" loading=\"lazy\" \/>\t\t\t\t\t\t\t\t\t\t\t\t\t\t\t\n\t\t\t\t\t\t\t<\/div>\n\t\t\t\t\t\t<\/div>\n\t\t\t\t\t\t\t\t\t\t<div class=\"info-box-content\">\n\t\t\t\t\t\t<h4 class=\"info-box-title title box-title-style-default wd-fontsize-m\">Innovation<\/h4>\t\t\t\t\t\t<div class=\"info-box-inner set-cont-mb-s reset-last-child\">\n\t\t\t\t\t\t\t<p>Excellence comes from mediocrity, the result is that each product is unique.<\/p>\n\t\t\t\t\t\t<\/div>\n\n\t\t\t\t\t\t\t\t\t\t\t<\/div>\n\n\t\t\t\t\t<style>#wd-648446ef6cb16 .info-box-subtitle{background-color:  !important;}<\/style>\t\t\t\t<\/div>\n\t\t\t<\/div>\n\t\t<\/div><\/div><\/div><div class=\"wpb_column vc_column_container vc_col-sm-4\"><div class=\"vc_column-inner\"><div class=\"wpb_wrapper\">\t\t\t<div class=\"info-box-wrapper\">\n\t\t\t\t<div id=\"wd-6484470b8e130\" class=\"wd-rs-6484470b8e130 wd-info-box wd-wpb text-left box-icon-align-left box-style- color-scheme- wd-bg-none wd-items-top home-why-box\"  >\n\t\t\t\t\t\t\t\t\t\t\t<div class=\"box-icon-wrapper  box-with-icon box-icon-simple\">\n\t\t\t\t\t\t\t<div class=\"info-box-icon\">\n\n\t\t\t\t\t\t\t\n\t\t\t\t\t\t\t\t\t\t\t\t\t\t\t\t\t<img decoding=\"async\" class=\"info-icon image-1\" src=\"https:\/\/palmaahsap.com\/wp-content\/uploads\/2023\/06\/kalite-124x110-1.png\" width=\"124\" height=\"110\" alt=\"kalite-124x110\" title=\"kalite-124x110\" loading=\"lazy\" \/>\t\t\t\t\t\t\t\t\t\t\t\t\t\t\t\n\t\t\t\t\t\t\t<\/div>\n\t\t\t\t\t\t<\/div>\n\t\t\t\t\t\t\t\t\t\t<div class=\"info-box-content\">\n\t\t\t\t\t\t<h4 class=\"info-box-title title box-title-style-default wd-fontsize-m\">Quality<\/h4>\t\t\t\t\t\t<div class=\"info-box-inner set-cont-mb-s reset-last-child\">\n\t\t\t\t\t\t\t<p>Palma welcomes the endless architectural power of quality materials with its special designs.<\/p>\n\t\t\t\t\t\t<\/div>\n\n\t\t\t\t\t\t\t\t\t\t\t<\/div>\n\n\t\t\t\t\t<style>#wd-6484470b8e130 .info-box-subtitle{background-color:  !important;}<\/style>\t\t\t\t<\/div>\n\t\t\t<\/div>\n\t\t<\/div><\/div><\/div><div class=\"wpb_column vc_column_container vc_col-sm-4\"><div class=\"vc_column-inner\"><div class=\"wpb_wrapper\">\t\t\t<div class=\"info-box-wrapper\">\n\t\t\t\t<div id=\"wd-648447213ccfe\" class=\"wd-rs-648447213ccfe wd-info-box wd-wpb text-left box-icon-align-left box-style- color-scheme- wd-bg-none wd-items-top home-why-box\"  >\n\t\t\t\t\t\t\t\t\t\t\t<div class=\"box-icon-wrapper  box-with-icon box-icon-simple\">\n\t\t\t\t\t\t\t<div class=\"info-box-icon\">\n\n\t\t\t\t\t\t\t\n\t\t\t\t\t\t\t\t\t\t\t\t\t\t\t\t\t<img decoding=\"async\" class=\"info-icon image-1\" src=\"https:\/\/palmaahsap.com\/wp-content\/uploads\/2023\/06\/guvenlialisveris-1-124x110-1.png\" width=\"124\" height=\"110\" alt=\"guvenlialisveris-1-124x110\" title=\"guvenlialisveris-1-124x110\" loading=\"lazy\" \/>\t\t\t\t\t\t\t\t\t\t\t\t\t\t\t\n\t\t\t\t\t\t\t<\/div>\n\t\t\t\t\t\t<\/div>\n\t\t\t\t\t\t\t\t\t\t<div class=\"info-box-content\">\n\t\t\t\t\t\t<h4 class=\"info-box-title title box-title-style-default wd-fontsize-m\">Secure Shopping<\/h4>\t\t\t\t\t\t<div class=\"info-box-inner set-cont-mb-s reset-last-child\">\n\t\t\t\t\t\t\t<p>We have gained the trust of our customers with the products we have produced for years.<\/p>\n\t\t\t\t\t\t<\/div>\n\n\t\t\t\t\t\t\t\t\t\t\t<\/div>\n\n\t\t\t\t\t<style>#wd-648447213ccfe .info-box-subtitle{background-color:  !important;}<\/style>\t\t\t\t<\/div>\n\t\t\t<\/div>\n\t\t<\/div><\/div><\/div><\/div><\/div><\/div><\/div><\/div><div id=\"instagram\" class=\"vc_row wpb_row vc_row-fluid vc_custom_1673097166776 wd-bg-center-bottom wd-rs-63b96fca31137\"><div class=\"wpb_column vc_column_container vc_col-sm-8\"><div class=\"vc_column-inner\"><div class=\"wpb_wrapper\">\t\t<div id=\"gallery_615\" class=\"wd-images-gallery wd-rs-66bc6dab88f2f wd-justify-center wd-items-middle home-collection-carousel view-carousel wd-carousel-spacing-10 wd-carousel-container\" data-owl-carousel data-wrap=\"yes\" data-hide_pagination_control=\"no\" data-hide_prev_next_buttons=\"no\" data-desktop=\"2\" data-tablet_landscape=\"2\" data-tablet=\"1\" data-mobile=\"1\">\n\t\t\t<div class=\"gallery-images owl-carousel wd-owl owl-items-lg-2 owl-items-md-2 owl-items-sm-1 owl-items-xs-1\">\n\t\t\t\t\t\t\t\t\t\t\t\t\t\t\t<div class=\"wd-gallery-item\">\n\t\t\t\t\t\t\t\t\t\t\t\t\t\t<a href=\"https:\/\/palmaahsap.com\/en\/duvar-uniteleri\/\" data-elementor-open-lightbox=\"no\" data-index=\"1\" data-width=\"2560\" data-height=\"1707\"  >\n\t\t\t\t\t\t\t\t\n\t\t\t\t\t\t\t\t\t\t\t\t\t\t\t\t\t<img decoding=\"async\" class=\"wd-gallery-image image-1\" src=\"https:\/\/palmaahsap.com\/wp-content\/uploads\/2024\/08\/kordon6786-scaled-523x300.jpg\" width=\"523\" height=\"300\" alt=\"kordon6786\" title=\"kordon6786\" loading=\"lazy\" \/>\t\t\t\t\t\t\t\t\n\n\t\t\t\t\t\t\t\t\t\t\t\t\t\t\t<\/a>\n\t\t\t\t\t\t\t\t\t\t\t\t<\/div>\n\t\t\t\t\t\t\t\t\t\t\t<div class=\"wd-gallery-item\">\n\t\t\t\t\t\t\t\t\t\t\t\t\t\t<a href=\"https:\/\/palmaahsap.com\/en\/yemek-odalari\/\" data-elementor-open-lightbox=\"no\" data-index=\"2\" data-width=\"2048\" data-height=\"1365\"  >\n\t\t\t\t\t\t\t\t\n\t\t\t\t\t\t\t\t\t\t\t\t\t\t\t\t\t<img decoding=\"async\" class=\"wd-gallery-image image-2\" src=\"https:\/\/palmaahsap.com\/wp-content\/uploads\/2024\/08\/active3499-1-523x300.jpg\" width=\"523\" height=\"300\" alt=\"active3499\" title=\"active3499\" loading=\"lazy\" \/>\t\t\t\t\t\t\t\t\n\n\t\t\t\t\t\t\t\t\t\t\t\t\t\t\t<\/a>\n\t\t\t\t\t\t\t\t\t\t\t\t<\/div>\n\t\t\t\t\t\t\t\t\t\t\t<div class=\"wd-gallery-item\">\n\t\t\t\t\t\t\t\t\t\t\t\t\t\t<a href=\"https:\/\/palmaahsap.com\/en\/duvar-uniteleri\/\" data-elementor-open-lightbox=\"no\" data-index=\"3\" data-width=\"2560\" data-height=\"1780\"  >\n\t\t\t\t\t\t\t\t\n\t\t\t\t\t\t\t\t\t\t\t\t\t\t\t\t\t<img decoding=\"async\" class=\"wd-gallery-image image-3\" src=\"https:\/\/palmaahsap.com\/wp-content\/uploads\/2024\/01\/atlas0794-min-scaled-523x300.jpg\" width=\"523\" height=\"300\" alt=\"atlas0794-min\" title=\"atlas0794-min\" loading=\"lazy\" \/>\t\t\t\t\t\t\t\t\n\n\t\t\t\t\t\t\t\t\t\t\t\t\t\t\t<\/a>\n\t\t\t\t\t\t\t\t\t\t\t\t<\/div>\n\t\t\t\t\t\t\t\t\t\t\t<div class=\"wd-gallery-item\">\n\t\t\t\t\t\t\t\t\t\t\t\t\t\t<a href=\"https:\/\/palmaahsap.com\/en\/yemek-odalari\/\" data-elementor-open-lightbox=\"no\" data-index=\"4\" data-width=\"2560\" data-height=\"1647\"  >\n\t\t\t\t\t\t\t\t\n\t\t\t\t\t\t\t\t\t\t\t\t\t\t\t\t\t<img decoding=\"async\" class=\"wd-gallery-image image-4\" src=\"https:\/\/palmaahsap.com\/wp-content\/uploads\/2024\/01\/dallas56870-min-1-scaled-523x300.jpg\" width=\"523\" height=\"300\" alt=\"dallas56870-min\" title=\"dallas56870-min\" loading=\"lazy\" \/>\t\t\t\t\t\t\t\t\n\n\t\t\t\t\t\t\t\t\t\t\t\t\t\t\t<\/a>\n\t\t\t\t\t\t\t\t\t\t\t\t<\/div>\n\t\t\t\t\t\t\t\t\t\t\t\t<\/div>\n\t\t<\/div>\n\t\t\t\t<\/div><\/div><\/div><div class=\"wpb_column vc_column_container vc_col-sm-4\"><div class=\"vc_column-inner\"><div class=\"wpb_wrapper\">\n\t\t<div id=\"wd-63d911d5c2514\" class=\"title-wrapper wd-wpb set-mb-s reset-last-child  wd-rs-63d911d5c2514 wd-title-color-default wd-title-style-default text-left general-title-text  wd-underline-colored\">\n\t\t\t\n\t\t\t<div class=\"liner-continer\">\n\t\t\t\t<h2 class=\"woodmart-title-container title  wd-font-weight- wd-fontsize-l\" >Follow Us On Instagram!<\/h2>\n\t\t\t\t\t\t\t<\/div>\n\t\t\t\n\t\t\t\n\t\t\t\n\t\t<\/div>\n\t\t\n\t\t<div class=\"instagram-profile-widget\"><img decoding=\"async\" src=\"https:\/\/palmaahsap.com\/wp-content\/uploads\/2023\/06\/profile-photo-instagram.png\" \/><div class=\"instagram-content\"><strong>palmaahsap<\/strong><a href=\"https:\/\/www.instagram.com\/palmaahsap\/\" target=\"_blank\" rel=\"noopener\">Follow<\/a><\/div>\r\n<\/div><\/div><\/div><\/div><\/div><div class=\"wpb_column vc_column_container vc_col-sm-4 wd-rs-63b96d49177fb\"><div class=\"vc_column-inner vc_custom_1673096527405\"><div class=\"wpb_wrapper\"><\/div><\/div><\/div><div class=\"wpb_column vc_column_container vc_col-sm-8 wd-rs-639c15f561fb8\"><div class=\"vc_column-inner\"><div class=\"wpb_wrapper\"><\/div><\/div><\/div>\n<\/div>","protected":false},"excerpt":{"rendered":"Kordon Yemek Odas\u0131 Her ev kullan\u0131\u015fl\u0131 mobilyalar\u0131 hakeder, modern tarz\u0131 ve kaliteli malzemesi ile mekanlara huzur katan bir g\u00f6r\u00fcn\u00fcme sahip.","protected":false},"author":1,"featured_media":0,"parent":0,"menu_order":0,"comment_status":"closed","ping_status":"closed","template":"","meta":{"footnotes":""},"class_list":["post-2","page","type-page","status-publish","hentry"],"yoast_head":"<!-- This site is optimized with the Yoast SEO plugin v23.1 - https:\/\/yoast.com\/wordpress\/plugins\/seo\/ -->\n<title>Anasayfa - Palma Ah\u015fap<\/title>\n<meta name=\"robots\" content=\"index, follow, max-snippet:-1, max-image-preview:large, max-video-preview:-1\" \/>\n<link rel=\"canonical\" href=\"https:\/\/palmaahsap.com\/en\/\" \/>\n<meta property=\"og:locale\" content=\"en_US\" \/>\n<meta property=\"og:type\" content=\"article\" \/>\n<meta property=\"og:title\" content=\"Anasayfa - Palma Ah\u015fap\" \/>\n<meta property=\"og:url\" content=\"https:\/\/palmaahsap.com\/en\/\" \/>\n<meta property=\"og:site_name\" content=\"Palma Ah\u015fap\" \/>\n<meta property=\"article:modified_time\" content=\"2024-08-14T08:53:16+00:00\" \/>\n<meta name=\"twitter:card\" content=\"summary_large_image\" \/>\n<meta name=\"twitter:label1\" content=\"Est. reading time\" \/>\n\t<meta name=\"twitter:data1\" content=\"4 minutes\" \/>\n<script type=\"application\/ld+json\" class=\"yoast-schema-graph\">{\"@context\":\"https:\/\/schema.org\",\"@graph\":[{\"@type\":\"WebPage\",\"@id\":\"https:\/\/palmaahsap.com\/\",\"url\":\"https:\/\/palmaahsap.com\/\",\"name\":\"Anasayfa - Palma Ah\u015fap\",\"isPartOf\":{\"@id\":\"https:\/\/palmaahsap.com\/#website\"},\"datePublished\":\"2023-06-06T07:09:10+00:00\",\"dateModified\":\"2024-08-14T08:53:16+00:00\",\"breadcrumb\":{\"@id\":\"https:\/\/palmaahsap.com\/#breadcrumb\"},\"inLanguage\":\"en-US\",\"potentialAction\":[{\"@type\":\"ReadAction\",\"target\":[\"https:\/\/palmaahsap.com\/\"]}]},{\"@type\":\"BreadcrumbList\",\"@id\":\"https:\/\/palmaahsap.com\/#breadcrumb\",\"itemListElement\":[{\"@type\":\"ListItem\",\"position\":1,\"name\":\"Home\",\"item\":\"https:\/\/palmaahsap.com\/\"},{\"@type\":\"ListItem\",\"position\":2,\"name\":\"Anasayfa\"}]},{\"@type\":\"WebSite\",\"@id\":\"https:\/\/palmaahsap.com\/#website\",\"url\":\"https:\/\/palmaahsap.com\/\",\"name\":\"Palma Ah\u015fap\",\"description\":\"\",\"potentialAction\":[{\"@type\":\"SearchAction\",\"target\":{\"@type\":\"EntryPoint\",\"urlTemplate\":\"https:\/\/palmaahsap.com\/?s={search_term_string}\"},\"query-input\":\"required name=search_term_string\"}],\"inLanguage\":\"en-US\"}]}<\/script>\n<!-- \/ Yoast SEO plugin. -->","yoast_head_json":{"title":"Anasayfa - Palma Ah\u015fap","robots":{"index":"index","follow":"follow","max-snippet":"max-snippet:-1","max-image-preview":"max-image-preview:large","max-video-preview":"max-video-preview:-1"},"canonical":"https:\/\/palmaahsap.com\/en\/","og_locale":"en_US","og_type":"article","og_title":"Anasayfa - Palma Ah\u015fap","og_url":"https:\/\/palmaahsap.com\/en\/","og_site_name":"Palma Ah\u015fap","article_modified_time":"2024-08-14T08:53:16+00:00","twitter_card":"summary_large_image","twitter_misc":{"Est. reading time":"4 minutes"},"schema":{"@context":"https:\/\/schema.org","@graph":[{"@type":"WebPage","@id":"https:\/\/palmaahsap.com\/","url":"https:\/\/palmaahsap.com\/","name":"Anasayfa - Palma Ah\u015fap","isPartOf":{"@id":"https:\/\/palmaahsap.com\/#website"},"datePublished":"2023-06-06T07:09:10+00:00","dateModified":"2024-08-14T08:53:16+00:00","breadcrumb":{"@id":"https:\/\/palmaahsap.com\/#breadcrumb"},"inLanguage":"en-US","potentialAction":[{"@type":"ReadAction","target":["https:\/\/palmaahsap.com\/"]}]},{"@type":"BreadcrumbList","@id":"https:\/\/palmaahsap.com\/#breadcrumb","itemListElement":[{"@type":"ListItem","position":1,"name":"Home","item":"https:\/\/palmaahsap.com\/"},{"@type":"ListItem","position":2,"name":"Anasayfa"}]},{"@type":"WebSite","@id":"https:\/\/palmaahsap.com\/#website","url":"https:\/\/palmaahsap.com\/","name":"Palma Ah\u015fap","description":"","potentialAction":[{"@type":"SearchAction","target":{"@type":"EntryPoint","urlTemplate":"https:\/\/palmaahsap.com\/?s={search_term_string}"},"query-input":"required name=search_term_string"}],"inLanguage":"en-US"}]}},"_links":{"self":[{"href":"https:\/\/palmaahsap.com\/en\/wp-json\/wp\/v2\/pages\/2","targetHints":{"allow":["GET"]}}],"collection":[{"href":"https:\/\/palmaahsap.com\/en\/wp-json\/wp\/v2\/pages"}],"about":[{"href":"https:\/\/palmaahsap.com\/en\/wp-json\/wp\/v2\/types\/page"}],"author":[{"embeddable":true,"href":"https:\/\/palmaahsap.com\/en\/wp-json\/wp\/v2\/users\/1"}],"replies":[{"embeddable":true,"href":"https:\/\/palmaahsap.com\/en\/wp-json\/wp\/v2\/comments?post=2"}],"version-history":[{"count":16,"href":"https:\/\/palmaahsap.com\/en\/wp-json\/wp\/v2\/pages\/2\/revisions"}],"predecessor-version":[{"id":657,"href":"https:\/\/palmaahsap.com\/en\/wp-json\/wp\/v2\/pages\/2\/revisions\/657"}],"wp:attachment":[{"href":"https:\/\/palmaahsap.com\/en\/wp-json\/wp\/v2\/media?parent=2"}],"curies":[{"name":"wp","href":"https:\/\/api.w.org\/{rel}","templated":true}]}}