{"id":19,"date":"2023-06-06T11:02:04","date_gmt":"2023-06-06T08:02:04","guid":{"rendered":"https:\/\/palmaahsap.com\/?page_id=19"},"modified":"2023-06-10T13:04:05","modified_gmt":"2023-06-10T10:04:05","slug":"iletisim","status":"publish","type":"page","link":"https:\/\/palmaahsap.com\/en\/iletisim\/","title":{"rendered":"Contact"},"content":{"rendered":"<div class=\"wpb-content-wrapper\"><div class=\"vc_row wpb_row vc_row-fluid contact-page-row wd-rs-63a2ec20f2d3b\"><div class=\"wpb_column vc_column_container vc_col-sm-6 vc_col-lg-4 vc_col-md-4 vc_col-xs-12 wd-rs-63a40fcd5d613\"><div class=\"vc_column-inner\"><div class=\"wpb_wrapper\">\n\t\t<div id=\"wd-63a2e3e107c37\" class=\"title-wrapper wd-wpb set-mb-s reset-last-child  wd-rs-63a2e3e107c37 wd-title-color-default wd-title-style-default text-left main-page-title  wd-underline-colored\">\n\t\t\t\n\t\t\t<div class=\"liner-continer\">\n\t\t\t\t<h1 class=\"woodmart-title-container title  wd-font-weight- wd-fontsize-l\" >We Are One Click Away<\/h1>\n\t\t\t\t\t\t\t<\/div>\n\t\t\t\n\t\t\t\n\t\t\t\n\t\t<\/div>\n\t\t\n\t\t\n<div class=\"wpcf7 no-js\" id=\"wpcf7-f12-o1\" lang=\"tr-TR\" dir=\"ltr\">\n<div class=\"screen-reader-response\"><p role=\"status\" aria-live=\"polite\" aria-atomic=\"true\"><\/p> <ul><\/ul><\/div>\n<form action=\"\/en\/wp-json\/wp\/v2\/pages\/19#wpcf7-f12-o1\" method=\"post\" class=\"wpcf7-form init\" aria-label=\"\u0130leti\u015fim Formu\" novalidate=\"novalidate\" data-status=\"init\" data-trp-original-action=\"\/en\/wp-json\/wp\/v2\/pages\/19#wpcf7-f12-o1\">\n<div style=\"display: none;\">\n<input type=\"hidden\" name=\"_wpcf7\" value=\"12\" \/>\n<input type=\"hidden\" name=\"_wpcf7_version\" value=\"5.9.8\" \/>\n<input type=\"hidden\" name=\"_wpcf7_locale\" value=\"tr_TR\" \/>\n<input type=\"hidden\" name=\"_wpcf7_unit_tag\" value=\"wpcf7-f12-o1\" \/>\n<input type=\"hidden\" name=\"_wpcf7_container_post\" value=\"0\" \/>\n<input type=\"hidden\" name=\"_wpcf7_posted_data_hash\" value=\"\" \/>\n<\/div>\n<p><label><span class=\"wpcf7-form-control-wrap\" data-name=\"your-name\"><input size=\"40\" maxlength=\"400\" class=\"wpcf7-form-control wpcf7-text wpcf7-validates-as-required\" aria-required=\"true\" aria-invalid=\"false\" placeholder=\"Name\" value=\"\" type=\"text\" name=\"your-name\" \/><\/span><\/label>\n<\/p>\n<p><label><span class=\"wpcf7-form-control-wrap\" data-name=\"your-email\"><input size=\"40\" maxlength=\"400\" class=\"wpcf7-form-control wpcf7-email wpcf7-validates-as-required wpcf7-text wpcf7-validates-as-email\" aria-required=\"true\" aria-invalid=\"false\" placeholder=\"Email\" value=\"\" type=\"email\" name=\"your-email\" \/><\/span><\/label>\n<\/p>\n<p><label><span class=\"wpcf7-form-control-wrap\" data-name=\"your-subject\"><input size=\"40\" maxlength=\"400\" class=\"wpcf7-form-control wpcf7-text wpcf7-validates-as-required\" aria-required=\"true\" aria-invalid=\"false\" placeholder=\"Subject\" value=\"\" type=\"text\" name=\"your-subject\" \/><\/span><\/label>\n<\/p>\n<p><label><span class=\"wpcf7-form-control-wrap\" data-name=\"your-message\"><textarea cols=\"40\" rows=\"10\" maxlength=\"2000\" class=\"wpcf7-form-control wpcf7-textarea\" aria-invalid=\"false\" placeholder=\"Message\" name=\"your-message\"><\/textarea><\/span><\/label>\n<\/p>\n<p><input class=\"wpcf7-form-control wpcf7-submit has-spinner\" type=\"submit\" value=\"Subm\u0131t\" \/>\n<\/p><div class=\"wpcf7-response-output\" aria-hidden=\"true\"><\/div>\n<input type=\"hidden\" name=\"trp-form-language\" value=\"en\"\/><\/form>\n<\/div>\n<\/div><\/div><\/div><div class=\"wpb_column vc_column_container vc_col-sm-6 vc_col-lg-4 vc_col-md-4 vc_col-xs-12 wd-rs-63a4100b891ac\"><div class=\"vc_column-inner\"><div class=\"wpb_wrapper\">\n\t\t<div id=\"wd-63b6d425d44fe\" class=\"title-wrapper wd-wpb set-mb-s reset-last-child  wd-rs-63b6d425d44fe wd-title-color-default wd-title-style-default text-left main-page-title  wd-underline-colored\">\n\t\t\t\n\t\t\t<div class=\"liner-continer\">\n\t\t\t\t<h1 class=\"woodmart-title-container title  wd-font-weight- wd-fontsize-l\" >Contact Address<\/h1>\n\t\t\t\t\t\t\t<\/div>\n\t\t\t\n\t\t\t\n\t\t\t\n\t\t<\/div>\n\t\t\n\t\t\n\t\t<ul class=\"wd-rs-648449d0ac1e8 wd-list wd-wpb color-scheme-custom wd-fontsize-xs wd-list-type-icon wd-list-style-default wd-justify-left contact-list-items\" id=\"wd-648449d0ac1e8\">\n\t\t\t\t\t\t\t\t\t\t\t<li>\n\t\t\t\t\t<img decoding=\"async\" class=\"\" src=\"https:\/\/palmaahsap.com\/wp-content\/uploads\/2023\/06\/icon-adres.png\" width=\"32\" height=\"32\" alt=\"icon-adres\" title=\"icon-adres\" loading=\"lazy\" \/>\n\t\t\t\t\t<span class=\"list-content\"><b>Factory Address<\/b> : Mahmudiye Mah. Tabakhane Cad. No: 2\/2 \u0130neg\u00f6l \/ Bursa 16400 T\u00dcRK\u0130YE<\/span>\n\t\t\t\t\t\t\t\t\t<\/li>\n\t\t\t\t\t\t\t\t\t\t\t<li>\n\t\t\t\t\t<img decoding=\"async\" class=\"\" src=\"https:\/\/palmaahsap.com\/wp-content\/uploads\/2023\/06\/icon-adres.png\" width=\"32\" height=\"32\" alt=\"icon-adres\" title=\"icon-adres\" loading=\"lazy\" \/>\n\t\t\t\t\t<span class=\"list-content\"><b>Store Address<\/b>: Mobiliyum Mobilya AVM A Etap Kat: 2 No: 15<\/span>\n\t\t\t\t\t\t\t\t\t<\/li>\n\t\t\t\t\t\t\t\t\t\t\t<li>\n\t\t\t\t\t<img decoding=\"async\" class=\"\" src=\"https:\/\/palmaahsap.com\/wp-content\/uploads\/2023\/06\/icon-mail.png\" width=\"32\" height=\"32\" alt=\"icon-mail\" title=\"icon-mail\" loading=\"lazy\" \/>\n\t\t\t\t\t<span class=\"list-content\"><a href=\"mailto:palmaahsap@gmail.com\">palmaahsap@gmail.com<\/a><br>\n<a href=\"mailto:export@palmaahsap.com\">export@palmaahsap.com<\/a><\/span>\n\t\t\t\t\t\t\t\t\t<\/li>\n\t\t\t\t\t\t\t\t\t\t\t<li>\n\t\t\t\t\t<img decoding=\"async\" class=\"\" src=\"https:\/\/palmaahsap.com\/wp-content\/uploads\/2023\/06\/icon-phone.png\" width=\"32\" height=\"32\" alt=\"icon-phone\" title=\"icon-phone\" loading=\"lazy\" \/>\n\t\t\t\t\t<span class=\"list-content\"><a href=\"tel:02247157770\">0 224 715 77 70<\/a><br>\n<a href=\"tel:05318925186\">0 531 892 51 86<\/a><br>\n<\/span>\n\t\t\t\t\t\t\t\t\t<\/li>\n\t\t\t\t\t<\/ul>\n\t\t\n\t\t<div id=\"wd-63b6d439d4f53\" class=\"title-wrapper wd-wpb set-mb-s reset-last-child  wd-rs-63b6d439d4f53 wd-title-color-default wd-title-style-default text-left main-page-title  wd-underline-colored\">\n\t\t\t\n\t\t\t<div class=\"liner-continer\">\n\t\t\t\t<h1 class=\"woodmart-title-container title  wd-font-weight- wd-fontsize-l\" >Export<\/h1>\n\t\t\t\t\t\t\t<\/div>\n\t\t\t\n\t\t\t\n\t\t\t\n\t\t<\/div>\n\t\t\n\t\t\n\t\t<ul class=\"wd-rs-64844a794dcef wd-list wd-wpb color-scheme-custom wd-fontsize-xs wd-list-type-icon wd-list-style-default wd-justify-left contact-list-items\" id=\"wd-64844a794dcef\">\n\t\t\t\t\t\t\t\t\t\t\t<li>\n\t\t\t\t\t<img decoding=\"async\" class=\"\" src=\"https:\/\/palmaahsap.com\/wp-content\/uploads\/2023\/06\/icon-phone.png\" width=\"32\" height=\"32\" alt=\"icon-phone\" title=\"icon-phone\" loading=\"lazy\" \/>\n\t\t\t\t\t<span class=\"list-content\"><a href=\"tel:05316941788\">0 531 694 17 88<\/a><\/span>\n\t\t\t\t\t\t\t\t\t<\/li>\n\t\t\t\t\t\t\t\t\t<\/ul>\n\t\t<\/div><\/div><\/div><div class=\"wpb_column vc_column_container vc_col-sm-12 vc_col-lg-4 vc_col-md-4 vc_col-xs-12 wd-rs-63a4101d882f9\"><div class=\"vc_column-inner\"><div class=\"wpb_wrapper\">\n\t<div class=\"wpb_raw_code wpb_raw_html wpb_content_element\" >\n\t\t<div class=\"wpb_wrapper\">\n\t\t\t<iframe src=\"https:\/\/www.google.com\/maps\/embed?pb=!1m14!1m8!1m3!1d12212.035039482353!2d29.5197408!3d40.0752167!3m2!1i1024!2i768!4f13.1!3m3!1m2!1s0x0%3A0xd23ff0238485d90!2sPalma%20Ah%C5%9Fap!5e0!3m2!1str!2str!4v1671622461981!5m2!1str!2str\" style=\"border:0; width:100%;height:350px;\" allowfullscreen=\"\" loading=\"lazy\" referrerpolicy=\"no-referrer-when-downgrade\"><\/iframe>\n\t\t<\/div>\n\t<\/div>\n<\/div><\/div><\/div><\/div>\n<\/div>","protected":false},"excerpt":{"rendered":"Bir T\u0131k Uzaktay\u0131z \u0130leti\u015fim Adresi Fabrika Adresi : Mahmudiye Mah. Tabakhane Cad. No: 2\/2 \u0130neg\u00f6l \/ Bursa 16400 T\u00dcRK\u0130YE Ma\u011faza","protected":false},"author":1,"featured_media":0,"parent":0,"menu_order":0,"comment_status":"closed","ping_status":"closed","template":"","meta":{"footnotes":""},"class_list":["post-19","page","type-page","status-publish","hentry"],"yoast_head":"<!-- This site is optimized with the Yoast SEO plugin v23.1 - https:\/\/yoast.com\/wordpress\/plugins\/seo\/ -->\n<title>\u0130leti\u015fim - Palma Ah\u015fap<\/title>\n<meta name=\"robots\" content=\"index, follow, max-snippet:-1, max-image-preview:large, max-video-preview:-1\" \/>\n<link rel=\"canonical\" href=\"https:\/\/palmaahsap.com\/en\/iletisim\/\" \/>\n<meta property=\"og:locale\" content=\"en_US\" \/>\n<meta property=\"og:type\" content=\"article\" \/>\n<meta property=\"og:title\" content=\"\u0130leti\u015fim - Palma Ah\u015fap\" \/>\n<meta property=\"og:url\" content=\"https:\/\/palmaahsap.com\/en\/iletisim\/\" \/>\n<meta property=\"og:site_name\" content=\"Palma Ah\u015fap\" \/>\n<meta property=\"article:modified_time\" content=\"2023-06-10T10:04:05+00:00\" \/>\n<meta name=\"twitter:card\" content=\"summary_large_image\" \/>\n<meta name=\"twitter:label1\" content=\"Est. reading time\" \/>\n\t<meta name=\"twitter:data1\" content=\"1 minute\" \/>\n<script type=\"application\/ld+json\" class=\"yoast-schema-graph\">{\"@context\":\"https:\/\/schema.org\",\"@graph\":[{\"@type\":\"WebPage\",\"@id\":\"https:\/\/palmaahsap.com\/iletisim\/\",\"url\":\"https:\/\/palmaahsap.com\/iletisim\/\",\"name\":\"\u0130leti\u015fim - Palma Ah\u015fap\",\"isPartOf\":{\"@id\":\"https:\/\/palmaahsap.com\/#website\"},\"datePublished\":\"2023-06-06T08:02:04+00:00\",\"dateModified\":\"2023-06-10T10:04:05+00:00\",\"breadcrumb\":{\"@id\":\"https:\/\/palmaahsap.com\/iletisim\/#breadcrumb\"},\"inLanguage\":\"en-US\",\"potentialAction\":[{\"@type\":\"ReadAction\",\"target\":[\"https:\/\/palmaahsap.com\/iletisim\/\"]}]},{\"@type\":\"BreadcrumbList\",\"@id\":\"https:\/\/palmaahsap.com\/iletisim\/#breadcrumb\",\"itemListElement\":[{\"@type\":\"ListItem\",\"position\":1,\"name\":\"Home\",\"item\":\"https:\/\/palmaahsap.com\/\"},{\"@type\":\"ListItem\",\"position\":2,\"name\":\"\u0130leti\u015fim\"}]},{\"@type\":\"WebSite\",\"@id\":\"https:\/\/palmaahsap.com\/#website\",\"url\":\"https:\/\/palmaahsap.com\/\",\"name\":\"Palma Ah\u015fap\",\"description\":\"\",\"potentialAction\":[{\"@type\":\"SearchAction\",\"target\":{\"@type\":\"EntryPoint\",\"urlTemplate\":\"https:\/\/palmaahsap.com\/?s={search_term_string}\"},\"query-input\":\"required name=search_term_string\"}],\"inLanguage\":\"en-US\"}]}<\/script>\n<!-- \/ Yoast SEO plugin. -->","yoast_head_json":{"title":"\u0130leti\u015fim - Palma Ah\u015fap","robots":{"index":"index","follow":"follow","max-snippet":"max-snippet:-1","max-image-preview":"max-image-preview:large","max-video-preview":"max-video-preview:-1"},"canonical":"https:\/\/palmaahsap.com\/en\/iletisim\/","og_locale":"en_US","og_type":"article","og_title":"\u0130leti\u015fim - Palma Ah\u015fap","og_url":"https:\/\/palmaahsap.com\/en\/iletisim\/","og_site_name":"Palma Ah\u015fap","article_modified_time":"2023-06-10T10:04:05+00:00","twitter_card":"summary_large_image","twitter_misc":{"Est. reading time":"1 minute"},"schema":{"@context":"https:\/\/schema.org","@graph":[{"@type":"WebPage","@id":"https:\/\/palmaahsap.com\/iletisim\/","url":"https:\/\/palmaahsap.com\/iletisim\/","name":"\u0130leti\u015fim - Palma Ah\u015fap","isPartOf":{"@id":"https:\/\/palmaahsap.com\/#website"},"datePublished":"2023-06-06T08:02:04+00:00","dateModified":"2023-06-10T10:04:05+00:00","breadcrumb":{"@id":"https:\/\/palmaahsap.com\/iletisim\/#breadcrumb"},"inLanguage":"en-US","potentialAction":[{"@type":"ReadAction","target":["https:\/\/palmaahsap.com\/iletisim\/"]}]},{"@type":"BreadcrumbList","@id":"https:\/\/palmaahsap.com\/iletisim\/#breadcrumb","itemListElement":[{"@type":"ListItem","position":1,"name":"Home","item":"https:\/\/palmaahsap.com\/"},{"@type":"ListItem","position":2,"name":"\u0130leti\u015fim"}]},{"@type":"WebSite","@id":"https:\/\/palmaahsap.com\/#website","url":"https:\/\/palmaahsap.com\/","name":"Palma Ah\u015fap","description":"","potentialAction":[{"@type":"SearchAction","target":{"@type":"EntryPoint","urlTemplate":"https:\/\/palmaahsap.com\/?s={search_term_string}"},"query-input":"required name=search_term_string"}],"inLanguage":"en-US"}]}},"_links":{"self":[{"href":"https:\/\/palmaahsap.com\/en\/wp-json\/wp\/v2\/pages\/19","targetHints":{"allow":["GET"]}}],"collection":[{"href":"https:\/\/palmaahsap.com\/en\/wp-json\/wp\/v2\/pages"}],"about":[{"href":"https:\/\/palmaahsap.com\/en\/wp-json\/wp\/v2\/types\/page"}],"author":[{"embeddable":true,"href":"https:\/\/palmaahsap.com\/en\/wp-json\/wp\/v2\/users\/1"}],"replies":[{"embeddable":true,"href":"https:\/\/palmaahsap.com\/en\/wp-json\/wp\/v2\/comments?post=19"}],"version-history":[{"count":6,"href":"https:\/\/palmaahsap.com\/en\/wp-json\/wp\/v2\/pages\/19\/revisions"}],"predecessor-version":[{"id":374,"href":"https:\/\/palmaahsap.com\/en\/wp-json\/wp\/v2\/pages\/19\/revisions\/374"}],"wp:attachment":[{"href":"https:\/\/palmaahsap.com\/en\/wp-json\/wp\/v2\/media?parent=19"}],"curies":[{"name":"wp","href":"https:\/\/api.w.org\/{rel}","templated":true}]}}