{"id":18,"date":"2023-06-06T11:02:00","date_gmt":"2023-06-06T08:02:00","guid":{"rendered":"https:\/\/palmaahsap.com\/?page_id=18"},"modified":"2023-06-10T14:22:00","modified_gmt":"2023-06-10T11:22:00","slug":"kurumsal","status":"publish","type":"page","link":"https:\/\/palmaahsap.com\/en\/kurumsal\/","title":{"rendered":"Corporate"},"content":{"rendered":"<div class=\"wpb-content-wrapper\"><div class=\"vc_row wpb_row vc_row-fluid\"><div class=\"wpb_column vc_column_container vc_col-sm-6\"><div class=\"vc_column-inner\"><div class=\"wpb_wrapper\">\n\t\t<div id=\"wd-63a153a919ef7\" class=\"title-wrapper wd-wpb set-mb-s reset-last-child  wd-rs-63a153a919ef7 wd-title-color-default wd-title-style-default text-left main-page-title  wd-underline-colored\">\n\t\t\t\n\t\t\t<div class=\"liner-continer\">\n\t\t\t\t<h1 class=\"woodmart-title-container title  wd-font-weight- wd-fontsize-l\" >Who Are We?<\/h1>\n\t\t\t\t\t\t\t<\/div>\n\t\t\t\n\t\t\t\n\t\t\t\n\t\t<\/div>\n\t\t\n\t\t\t\t<div id=\"wd-63d913e15f5bb\" class=\"wd-text-block wd-wpb reset-last-child wd-rs-63d913e15f5bb text-left  text-description\">\n\t\t\t<p>Palma, welcomes the endless architectural power of quality materials with its special designs. A completely instinctive world.<\/p>\n<p>We combine to create a home filled with lights and shadows, where nature and technology live. Every design reveals ideas. We get inspired and create a lifestyle between dream and reality by developing contemporary ideas. Colors determine their tones and Palma shapes your living spaces with the inspiration it gets from nature.<\/p>\n<p>Excellence comes from mediocrity. The result is that each product is unique.<\/p>\n\t\t<\/div>\n\t\t<\/div><\/div><\/div><div class=\"wpb_column vc_column_container vc_col-sm-6\"><div class=\"vc_column-inner\"><div class=\"wpb_wrapper\">\n\t<div  class=\"wpb_single_image wpb_content_element vc_align_center\">\n\t\t\n\t\t<figure class=\"wpb_wrapper vc_figure\">\n\t\t\t<div class=\"vc_single_image-wrapper   vc_box_border_grey\"><img loading=\"lazy\" decoding=\"async\" width=\"819\" height=\"301\" src=\"https:\/\/palmaahsap.com\/wp-content\/uploads\/2023\/06\/aboutus-img1.png\" class=\"vc_single_image-img attachment-full\" alt=\"\" title=\"aboutus-img1\" srcset=\"https:\/\/palmaahsap.com\/wp-content\/uploads\/2023\/06\/aboutus-img1.png 819w, https:\/\/palmaahsap.com\/wp-content\/uploads\/2023\/06\/aboutus-img1-300x110.png 300w, https:\/\/palmaahsap.com\/wp-content\/uploads\/2023\/06\/aboutus-img1-768x282.png 768w, https:\/\/palmaahsap.com\/wp-content\/uploads\/2023\/06\/aboutus-img1-18x7.png 18w, https:\/\/palmaahsap.com\/wp-content\/uploads\/2023\/06\/aboutus-img1-600x221.png 600w, https:\/\/palmaahsap.com\/wp-content\/uploads\/2023\/06\/aboutus-img1-150x55.png 150w\" sizes=\"auto, (max-width: 819px) 100vw, 819px\" \/><\/div>\n\t\t<\/figure>\n\t<\/div>\n<\/div><\/div><\/div><\/div><div data-vc-full-width=\"true\" data-vc-full-width-init=\"false\" class=\"vc_row wpb_row vc_row-fluid vc_custom_1671518702635 vc_row-has-fill wd-rs-63a159d468385\"><div class=\"wpb_column vc_column_container vc_col-sm-12\"><div class=\"vc_column-inner\"><div class=\"wpb_wrapper\"><h2 style=\"font-size: 32px;color: #0c0c0c;line-height: 36px;text-align: center;font-family:Grand Hotel;font-weight:400;font-style:normal\" class=\"vc_custom_heading vc_do_custom_heading about-hand-write wpb_animate_when_almost_visible wpb_fadeInDown fadeInDown\" >handcrafted flawless details<\/h2>\n\t<div class=\"wpb_video_widget wpb_content_element vc_clearfix vc_video-aspect-ratio-169 vc_video-el-width-60 vc_video-align-center wd-rs-64845cbef07bb\" >\n\t\t<div class=\"wpb_wrapper\">\n\t\t\t\n\t\t\t<div class=\"wpb_video_wrapper\">\t\t\t\t\t\t<div id=\"wd-rs-64845cbef07bb\" class=\"wd-video-poster-wrapper\">\n\t\t\t\t\t\t\t<div class=\"wd-video-poster\" style=\"background-image:url(https:\/\/palmaahsap.com\/wp-content\/uploads\/2023\/06\/about-video-img-2.jpg)\"><\/div>\n\t\t\t\t\t\t\t<div class=\"button-play\"><\/div>\n\t\t\t\t\t\t<\/div>\n\t\t\t\t\t<iframe loading=\"lazy\" title=\"Palma Ahsap\" src=\"https:\/\/player.vimeo.com\/video\/385528632?dnt=1&amp;app_id=122963\" width=\"500\" height=\"281\" frameborder=\"0\" allow=\"autoplay; fullscreen; picture-in-picture; clipboard-write\"><\/iframe><\/div>\n\t\t<\/div>\n\t<\/div>\n<\/div><\/div><\/div><\/div><div class=\"vc_row-full-width vc_clearfix\"><\/div>\n<\/div>","protected":false},"excerpt":{"rendered":"Biz Kimiz? Palma kaliteli malzemenin sonsuz mimari g\u00fcc\u00fcn\u00fc \u00f6zel tasar\u0131mlar\u0131yla a\u011f\u0131rlamaktad\u0131r. Tamam\u0131yla i\u00e7g\u00fcd\u00fcsel bir d\u00fcnya.. I\u015f\u0131klar ve g\u00f6lgelerle dolu, do\u011fan\u0131n","protected":false},"author":1,"featured_media":0,"parent":0,"menu_order":0,"comment_status":"closed","ping_status":"closed","template":"","meta":{"footnotes":""},"class_list":["post-18","page","type-page","status-publish","hentry"],"yoast_head":"<!-- This site is optimized with the Yoast SEO plugin v23.1 - https:\/\/yoast.com\/wordpress\/plugins\/seo\/ -->\n<title>Kurumsal - Palma Ah\u015fap<\/title>\n<meta name=\"robots\" content=\"index, follow, max-snippet:-1, max-image-preview:large, max-video-preview:-1\" \/>\n<link rel=\"canonical\" href=\"https:\/\/palmaahsap.com\/en\/kurumsal\/\" \/>\n<meta property=\"og:locale\" content=\"en_US\" \/>\n<meta property=\"og:type\" content=\"article\" \/>\n<meta property=\"og:title\" content=\"Kurumsal - Palma Ah\u015fap\" \/>\n<meta property=\"og:url\" content=\"https:\/\/palmaahsap.com\/en\/kurumsal\/\" \/>\n<meta property=\"og:site_name\" content=\"Palma Ah\u015fap\" \/>\n<meta property=\"article:modified_time\" content=\"2023-06-10T11:22:00+00:00\" \/>\n<meta name=\"twitter:card\" content=\"summary_large_image\" \/>\n<meta name=\"twitter:label1\" content=\"Est. reading time\" \/>\n\t<meta name=\"twitter:data1\" content=\"1 minute\" \/>\n<script type=\"application\/ld+json\" class=\"yoast-schema-graph\">{\"@context\":\"https:\/\/schema.org\",\"@graph\":[{\"@type\":\"WebPage\",\"@id\":\"https:\/\/palmaahsap.com\/kurumsal\/\",\"url\":\"https:\/\/palmaahsap.com\/kurumsal\/\",\"name\":\"Kurumsal - Palma Ah\u015fap\",\"isPartOf\":{\"@id\":\"https:\/\/palmaahsap.com\/#website\"},\"datePublished\":\"2023-06-06T08:02:00+00:00\",\"dateModified\":\"2023-06-10T11:22:00+00:00\",\"breadcrumb\":{\"@id\":\"https:\/\/palmaahsap.com\/kurumsal\/#breadcrumb\"},\"inLanguage\":\"en-US\",\"potentialAction\":[{\"@type\":\"ReadAction\",\"target\":[\"https:\/\/palmaahsap.com\/kurumsal\/\"]}]},{\"@type\":\"BreadcrumbList\",\"@id\":\"https:\/\/palmaahsap.com\/kurumsal\/#breadcrumb\",\"itemListElement\":[{\"@type\":\"ListItem\",\"position\":1,\"name\":\"Home\",\"item\":\"https:\/\/palmaahsap.com\/\"},{\"@type\":\"ListItem\",\"position\":2,\"name\":\"Kurumsal\"}]},{\"@type\":\"WebSite\",\"@id\":\"https:\/\/palmaahsap.com\/#website\",\"url\":\"https:\/\/palmaahsap.com\/\",\"name\":\"Palma Ah\u015fap\",\"description\":\"\",\"potentialAction\":[{\"@type\":\"SearchAction\",\"target\":{\"@type\":\"EntryPoint\",\"urlTemplate\":\"https:\/\/palmaahsap.com\/?s={search_term_string}\"},\"query-input\":\"required name=search_term_string\"}],\"inLanguage\":\"en-US\"}]}<\/script>\n<!-- \/ Yoast SEO plugin. -->","yoast_head_json":{"title":"Kurumsal - Palma Ah\u015fap","robots":{"index":"index","follow":"follow","max-snippet":"max-snippet:-1","max-image-preview":"max-image-preview:large","max-video-preview":"max-video-preview:-1"},"canonical":"https:\/\/palmaahsap.com\/en\/kurumsal\/","og_locale":"en_US","og_type":"article","og_title":"Kurumsal - Palma Ah\u015fap","og_url":"https:\/\/palmaahsap.com\/en\/kurumsal\/","og_site_name":"Palma Ah\u015fap","article_modified_time":"2023-06-10T11:22:00+00:00","twitter_card":"summary_large_image","twitter_misc":{"Est. reading time":"1 minute"},"schema":{"@context":"https:\/\/schema.org","@graph":[{"@type":"WebPage","@id":"https:\/\/palmaahsap.com\/kurumsal\/","url":"https:\/\/palmaahsap.com\/kurumsal\/","name":"Kurumsal - Palma Ah\u015fap","isPartOf":{"@id":"https:\/\/palmaahsap.com\/#website"},"datePublished":"2023-06-06T08:02:00+00:00","dateModified":"2023-06-10T11:22:00+00:00","breadcrumb":{"@id":"https:\/\/palmaahsap.com\/kurumsal\/#breadcrumb"},"inLanguage":"en-US","potentialAction":[{"@type":"ReadAction","target":["https:\/\/palmaahsap.com\/kurumsal\/"]}]},{"@type":"BreadcrumbList","@id":"https:\/\/palmaahsap.com\/kurumsal\/#breadcrumb","itemListElement":[{"@type":"ListItem","position":1,"name":"Home","item":"https:\/\/palmaahsap.com\/"},{"@type":"ListItem","position":2,"name":"Kurumsal"}]},{"@type":"WebSite","@id":"https:\/\/palmaahsap.com\/#website","url":"https:\/\/palmaahsap.com\/","name":"Palma Ah\u015fap","description":"","potentialAction":[{"@type":"SearchAction","target":{"@type":"EntryPoint","urlTemplate":"https:\/\/palmaahsap.com\/?s={search_term_string}"},"query-input":"required name=search_term_string"}],"inLanguage":"en-US"}]}},"_links":{"self":[{"href":"https:\/\/palmaahsap.com\/en\/wp-json\/wp\/v2\/pages\/18","targetHints":{"allow":["GET"]}}],"collection":[{"href":"https:\/\/palmaahsap.com\/en\/wp-json\/wp\/v2\/pages"}],"about":[{"href":"https:\/\/palmaahsap.com\/en\/wp-json\/wp\/v2\/types\/page"}],"author":[{"embeddable":true,"href":"https:\/\/palmaahsap.com\/en\/wp-json\/wp\/v2\/users\/1"}],"replies":[{"embeddable":true,"href":"https:\/\/palmaahsap.com\/en\/wp-json\/wp\/v2\/comments?post=18"}],"version-history":[{"count":3,"href":"https:\/\/palmaahsap.com\/en\/wp-json\/wp\/v2\/pages\/18\/revisions"}],"predecessor-version":[{"id":431,"href":"https:\/\/palmaahsap.com\/en\/wp-json\/wp\/v2\/pages\/18\/revisions\/431"}],"wp:attachment":[{"href":"https:\/\/palmaahsap.com\/en\/wp-json\/wp\/v2\/media?parent=18"}],"curies":[{"name":"wp","href":"https:\/\/api.w.org\/{rel}","templated":true}]}}